{"id":604,"date":"2021-10-10T17:17:40","date_gmt":"2021-10-10T21:17:40","guid":{"rendered":"http:\/\/www.baquiana.com\/bookstore\/?post_type=product&#038;p=604"},"modified":"2024-01-21T22:03:10","modified_gmt":"2024-01-22T03:03:10","slug":"teatro-vii-un-dia-de-reyes-esos-juegos-del-amor-una-corona-de-flores","status":"publish","type":"product","link":"https:\/\/www.baquiana.com\/bookstore\/product\/teatro-vii-un-dia-de-reyes-esos-juegos-del-amor-una-corona-de-flores\/","title":{"rendered":"Teatro VII (Un d\u00eda de reyes | Esos juegos del amor | Una corona de flores)"},"content":{"rendered":"<p style=\"text-align: justify;\">El presente volumen incluye tres comedias. La acci\u00f3n transcurre en tres d\u00e9cadas distintas de la Cuba republicana, donde el dramaturgo ha mezclado el coraz\u00f3n y la cr\u00f3nica. Han sido escritas con buen humor y alegr\u00eda, confiando que con parecido estado de \u00e1nimo sean juzgadas por parte del lector o espectador futuro. Son piezas de desarrollo claro y limpio, sin pretensiones excesivas, con situaciones que encierran el secreto de la ternura o la risa. El autor ha tratado de dibujar seres de aut\u00e9ntica dimensi\u00f3n humana copiados de la realidad, llev\u00e1ndolos a la escena con lenguaje jugoso y verdadero, para tratar de convertirlos en sombras po\u00e9ticas.<\/p>\n","protected":false},"excerpt":{"rendered":"<p>El presente volumen incluye tres comedias. La acci\u00f3n transcurre en tres d\u00e9cadas distintas de la Cuba republicana, donde el dramaturgo ha mezclado el coraz\u00f3n y la cr\u00f3nica. Han sido escritas con buen humor y alegr\u00eda, confiando que con parecido estado de \u00e1nimo sean juzgadas por parte del lector o espectador futuro. Son piezas de desarrollo [&hellip;]<\/p>\n","protected":false},"featured_media":605,"comment_status":"open","ping_status":"closed","template":"","meta":[],"product_cat":[48],"product_tag":[],"class_list":{"0":"post-604","1":"product","2":"type-product","3":"status-publish","4":"has-post-thumbnail","6":"book_author-guillermo-arango","7":"product_cat-rumbos-terencianos","8":"entry"},"_links":{"self":[{"href":"https:\/\/www.baquiana.com\/bookstore\/wp-json\/wp\/v2\/product\/604"}],"collection":[{"href":"https:\/\/www.baquiana.com\/bookstore\/wp-json\/wp\/v2\/product"}],"about":[{"href":"https:\/\/www.baquiana.com\/bookstore\/wp-json\/wp\/v2\/types\/product"}],"replies":[{"embeddable":true,"href":"https:\/\/www.baquiana.com\/bookstore\/wp-json\/wp\/v2\/comments?post=604"}],"wp:featuredmedia":[{"embeddable":true,"href":"https:\/\/www.baquiana.com\/bookstore\/wp-json\/wp\/v2\/media\/605"}],"wp:attachment":[{"href":"https:\/\/www.baquiana.com\/bookstore\/wp-json\/wp\/v2\/media?parent=604"}],"wp:term":[{"taxonomy":"product_cat","embeddable":true,"href":"https:\/\/www.baquiana.com\/bookstore\/wp-json\/wp\/v2\/product_cat?post=604"},{"taxonomy":"product_tag","embeddable":true,"href":"https:\/\/www.baquiana.com\/bookstore\/wp-json\/wp\/v2\/product_tag?post=604"}],"curies":[{"name":"wp","href":"https:\/\/api.w.org\/{rel}","templated":true}]}}