{"id":606,"date":"2021-10-10T17:25:48","date_gmt":"2021-10-10T21:25:48","guid":{"rendered":"http:\/\/www.baquiana.com\/bookstore\/?post_type=product&#038;p=606"},"modified":"2024-01-21T22:05:08","modified_gmt":"2024-01-22T03:05:08","slug":"un-zoologico-peculiar-y-otros-asuntos","status":"publish","type":"product","link":"https:\/\/www.baquiana.com\/bookstore\/product\/un-zoologico-peculiar-y-otros-asuntos\/","title":{"rendered":"UN ZOOL\u00d3GICO PECULIAR Y OTROS ASUNTOS"},"content":{"rendered":"<p style=\"text-align: justify;\">\u201fA la autora le gusta escribir cuentos y poes\u00edas para ni\u00f1os y j\u00f3venes adultos, con los cuales ha estado relacionada durante muchos a\u00f1os, con el fin de hacerlos entender de forma f\u00e1cil algunos temas. Como educadora, madre y abuela, conoce muy de cerca la psicolog\u00eda de estudiantes de variados or\u00edgenes y necesidades. Su vida siempre ha estado alrededor de personas de diferentes culturas y religiones, incluyendo a su esposo de origen mexicano, lo cual la ha hecho entender mejor el mundo en el cual vive. Seg\u00fan sus propias palabras, le da gracias a la vida constantemente y a todos aquellos que hacen sus d\u00edas hermosos, con sus saludos y sonrisas.\u201d<\/p>\n","protected":false},"excerpt":{"rendered":"<p>\u201fA la autora le gusta escribir cuentos y poes\u00edas para ni\u00f1os y j\u00f3venes adultos, con los cuales ha estado relacionada durante muchos a\u00f1os, con el fin de hacerlos entender de forma f\u00e1cil algunos temas. Como educadora, madre y abuela, conoce muy de cerca la psicolog\u00eda de estudiantes de variados or\u00edgenes y necesidades. Su vida siempre [&hellip;]<\/p>\n","protected":false},"featured_media":607,"comment_status":"open","ping_status":"closed","template":"","meta":[],"product_cat":[33],"product_tag":[],"class_list":{"0":"post-606","1":"product","2":"type-product","3":"status-publish","4":"has-post-thumbnail","6":"book_author-dorothy-r-villalobos","7":"product_cat-senderos-de-la-narrativa","8":"entry"},"_links":{"self":[{"href":"https:\/\/www.baquiana.com\/bookstore\/wp-json\/wp\/v2\/product\/606"}],"collection":[{"href":"https:\/\/www.baquiana.com\/bookstore\/wp-json\/wp\/v2\/product"}],"about":[{"href":"https:\/\/www.baquiana.com\/bookstore\/wp-json\/wp\/v2\/types\/product"}],"replies":[{"embeddable":true,"href":"https:\/\/www.baquiana.com\/bookstore\/wp-json\/wp\/v2\/comments?post=606"}],"wp:featuredmedia":[{"embeddable":true,"href":"https:\/\/www.baquiana.com\/bookstore\/wp-json\/wp\/v2\/media\/607"}],"wp:attachment":[{"href":"https:\/\/www.baquiana.com\/bookstore\/wp-json\/wp\/v2\/media?parent=606"}],"wp:term":[{"taxonomy":"product_cat","embeddable":true,"href":"https:\/\/www.baquiana.com\/bookstore\/wp-json\/wp\/v2\/product_cat?post=606"},{"taxonomy":"product_tag","embeddable":true,"href":"https:\/\/www.baquiana.com\/bookstore\/wp-json\/wp\/v2\/product_tag?post=606"}],"curies":[{"name":"wp","href":"https:\/\/api.w.org\/{rel}","templated":true}]}}