{"id":666,"date":"2022-10-23T00:24:32","date_gmt":"2022-10-23T04:24:32","guid":{"rendered":"https:\/\/www.baquiana.com\/bookstore\/?post_type=product&#038;p=666"},"modified":"2024-09-14T21:30:29","modified_gmt":"2024-09-15T01:30:29","slug":"revista-literaria-baquiana-anuario-xxiii-2022","status":"publish","type":"product","link":"https:\/\/www.baquiana.com\/bookstore\/product\/revista-literaria-baquiana-anuario-xxiii-2022\/","title":{"rendered":"REVISTA LITERARIA BAQUIANA &#8211; ANUARIO XXIII (2022)"},"content":{"rendered":"<h1>\u00cdndice<\/h1>\n<h3>Poes\u00eda<\/h3>\n<p><strong>\u00a7 Jes\u00fas \u00c1lvarez Pedraza<b><span lang=\"IT\">\u00a0\/ 19<\/span><\/b><br \/>\n\u00a7 <b>Carlos X. Ardav\u00edn \/ 20<\/b><br \/>\n\u00a7 Claudia Bravo Mart\u00ednez \/ 21<br \/>\n\u00a7 Ana Luc\u00eda Cagnoni \/ 22<br \/>\n\u00a7 Mat\u00edas Escalera Cordero \/ 23<br \/>\n\u00a7 Sonia Escolano \/ 24<br \/>\n\u00a7 Ximena G\u00f3mez Becquet \/ 25<br \/>\n\u00a7 Samiri Hern\u00e1ndez Hiraldo \/ 26<br \/>\n\u00a7 Juana Moriel Payne \/ 27<br \/>\n\u00a7 Mariela Puzzo \/ 28<br \/>\n\u00a7 Ana Patricia Santaella Pahl\u00e9n \/ 29<br \/>\n\u00a7 Carlos Manuel Taracido \/ 30<br \/>\n<\/strong><\/p>\n<p>&nbsp;<\/p>\n<h3>Rese\u00f1a<\/h3>\n<p><strong>\u00a7 <em>LA ESPADA MACEDONIA<\/em>, DE ANDR\u00c9S HERN\u00c1NDEZ ALENDE<\/strong><br \/>\npor Jorge D\u00e1vila Miguel \/ <strong>33<\/strong><\/p>\n<p><strong>\u00a7 UN ENSAYO NECESARIO: EL DISCURSO FEMENINO EN LA D\u00c9CIMA CUBANA<\/strong><br \/>\npor Rigoberto D\u00edaz Cuti\u00f1o \/ <b>35<\/b><\/p>\n<p><strong>\u00a7 <b>\u00c1NGELES MASTRETTA:<i><em> LA (INFINITA) EMOCI\u00d3N DE LAS COSAS<\/em><\/i><\/b><\/strong><br \/>\npor Waldo Gonz\u00e1lez L\u00f3pez \/ <b>41<\/b><\/p>\n<p><strong>\u00a7 <b><i><em>TEATRO VII, <\/em><\/i>DE GUILLERMO ARANGO<\/b><\/strong><br \/>\npor Humberto L\u00f3pez Cruz \/ <strong>55<\/strong><\/p>\n<p><strong>\u00a7 <em>LAZOS DE HUMO, <\/em>DE ERNESTO RODR\u00cdGUEZ ABAD<\/strong><br \/>\npor Myra M. Medina \/ <b>59<\/b><\/p>\n<p><strong>\u00a7 <\/strong><strong><em>UN ZOOLOGICO PECULIAR Y OTROS ASUNTOS, <\/em>DE DOROTHY R. VILLALOBOS<\/strong><br \/>\npor Patricio E. Palacios \/ <b>63<\/b><\/p>\n<p><strong>\u00a7 <em>EL BABOSO: <\/em>UNA NOVELA POL\u00cdTICAMENTE INCORRECTA, DE JES\u00daS C\u00c1NOVAS MART\u00cdNEZ<\/strong><br \/>\npor Patricio E. Palacios \/ <b>67<\/b><\/p>\n<p>&nbsp;<\/p>\n<h3>Cuento<\/h3>\n<p><strong>\u00a7 RASTRO DE ORO<\/strong><br \/>\npor Rolando Arco \/ <b>73<\/b><\/p>\n<p><strong>\u00a7 EL INTERLUDIO DEL PEREGRINAJE<\/strong><br \/>\npor Martha Garc\u00eda \/ <b>77<\/b><\/p>\n<p><strong>\u00a7 DIANA LA CAZADORA<\/strong><br \/>\npor William Guaregua \/ <b>83<\/b><\/p>\n<p><strong>\u00a7 YA NO CREO EN NADA<\/strong><br \/>\n<span lang=\"EN-US\">por Carlos Ponce Mel\u00e9ndez <\/span>\/ <strong>87<\/strong><\/p>\n<p><strong>\u00a7 KOKORO<\/strong><br \/>\npor Emilio Jos\u00e9 Serrano Loba \/ <strong>91<\/strong><\/p>\n<p><strong>\u00a7 UN AMARILLENTO RETRATO<\/strong><br \/>\npor Leopoldo Tiller\u00eda \/ <b>97<\/b><\/p>\n<p>&nbsp;<\/p>\n<h3>Ensayo<\/h3>\n<p><strong>\u00a7 P<b>ILAR QUINTANA, UNA NUEVA REVELACI\u00d3N: A PROP\u00d3SITO DE <em>LOS ABISMOS Y LA PERRA<\/em><\/b><\/strong><br \/>\npor Germ\u00e1n David Carrillo \/ <b>103<\/b><\/p>\n<p><strong>\u00a7 <b>LA ROPA DE LOS J\u00d3VENES EN \u201c\u00a1HOMBRE AL AGUA!\u201d Y \u201cEL \u00abFEMATER\u00bb\u201d DE VICENTE BLASCO IB\u00c1\u00d1EZ: S\u00cdMBOLO, IRON\u00cdA Y ANT\u00cdTESIS AL SERVICIO DE LA CR\u00cdTICA SOCIAL<\/b><\/strong><br \/>\npor Alicia de Gregorio \/ <b>117<\/b><\/p>\n<p>&nbsp;<\/p>\n<h3>Entrevista<\/h3>\n<p><strong>\u00a7 ENTREVISTA CON LA ESCRITORA ESPA\u00d1OLA ANA PATRICIA SANTAELLA PAHL\u00c9N<\/strong><b><br \/>\n<\/b>por Lola Hidalgo Calle \/ <b>137<\/b><\/p>\n<p><strong>\u00a7 <\/strong><b>ENTREVISTA CON <strong>LA ESCRITORA Y PERIODISTA CUBANA DAINERYS MACHADO VENTO<\/strong><\/b><b><br \/>\n<\/b>por Maricel Mayor Mars\u00e1n \/\u00a0<strong>143<\/strong><\/p>\n<p>&nbsp;<\/p>\n<h3>Narrativa<\/h3>\n<p><strong>\u00a7 LOS P\u00c1JAROS DE YUAN YI<\/strong><br \/>\npor Blanca Caballero Pacheco <strong>\/\u00a0<b>159<\/b><br \/>\n<\/strong><br \/>\n<strong>\u00a7 HIROHITO, EL MAR MENOR<\/strong><br \/>\npor Dolores Labarcena \/ <b>167<\/b><\/p>\n<p><strong>\u00a7 LA LEYENDA DILUIDA<\/strong><br \/>\npor Laura Linares Palacios <strong>\/\u00a0<b>171<\/b><br \/>\n<\/strong><br \/>\n<strong>\u00a7 FAUSTINO<\/strong><br \/>\npor Iv\u00e1n Mauricio Lombana Villalba \/ <b>173<\/b><\/p>\n<p>&nbsp;<\/p>\n<h3>Opiniones<\/h3>\n<p><strong>\u00a7 <em>EL ARPA Y LA SOMBRA<\/em>, \u201cUN DIVERTIMENTO\u201d DE ALEJO CARPENTIER<\/strong><br \/>\npor Guillermo Arango \/ <b>185<\/b><\/p>\n<p><strong>\u00a7 REPASO: <em>UNAS LECCIONES DE METAF\u00cdSICA DE ORTEGA Y GASSET<\/em><\/strong><br \/>\npor Guillermo Arango \/ <b>191<\/b><\/p>\n<p><strong>\u00a7 LA POES\u00cdA COMPLETA DE JAIME GIL DE BIEDMA<\/strong><br \/>\npor Enrique Arias Beaskoetxea \/ <b>197<\/b><\/p>\n<p>&nbsp;<\/p>\n<h3>Teatro<\/h3>\n<p><strong>\u00a7 EL \u00daLTIMO ROM\u00c1NTICO (MON\u00d3LOGO PARA UN ACTOR MELANC\u00d3LICO)<\/strong><br \/>\npor Nitsy Grau \/ <b>205<\/b><\/p>\n<p><strong>\u00a7 <\/strong><b><strong>LOS CUENTISTAS (OBRA EN UN <\/strong>ACTO)<\/b><b><br \/>\n<\/b>por Jos\u00e9 Moreno Arenas \/ <b>215<\/b><\/p>\n<p>&nbsp;<\/p>\n<hr \/>\n<p>&nbsp;<\/p>\n<p>&nbsp;<\/p>\n<p style=\"text-align: justify;\">\n","protected":false},"excerpt":{"rendered":"<p>\u00cdndice Poes\u00eda \u00a7 Jes\u00fas \u00c1lvarez Pedraza\u00a0\/ 19 \u00a7 Carlos X. Ardav\u00edn \/ 20 \u00a7 Claudia Bravo Mart\u00ednez \/ 21 \u00a7 Ana Luc\u00eda Cagnoni \/ 22 \u00a7 Mat\u00edas Escalera Cordero \/ 23 \u00a7 Sonia Escolano \/ 24 \u00a7 Ximena G\u00f3mez Becquet \/ 25 \u00a7 Samiri Hern\u00e1ndez Hiraldo \/ 26 \u00a7 Juana Moriel Payne \/ 27 \u00a7 [&hellip;]<\/p>\n","protected":false},"featured_media":667,"comment_status":"closed","ping_status":"closed","template":"","meta":[],"product_cat":[10],"product_tag":[],"class_list":{"0":"post-666","1":"product","2":"type-product","3":"status-publish","4":"has-post-thumbnail","6":"book_author-anuarios-baquiana","7":"product_cat-anuarios-de-la-revista-literaria-baquiana-vp","8":"entry"},"_links":{"self":[{"href":"https:\/\/www.baquiana.com\/bookstore\/wp-json\/wp\/v2\/product\/666"}],"collection":[{"href":"https:\/\/www.baquiana.com\/bookstore\/wp-json\/wp\/v2\/product"}],"about":[{"href":"https:\/\/www.baquiana.com\/bookstore\/wp-json\/wp\/v2\/types\/product"}],"replies":[{"embeddable":true,"href":"https:\/\/www.baquiana.com\/bookstore\/wp-json\/wp\/v2\/comments?post=666"}],"wp:featuredmedia":[{"embeddable":true,"href":"https:\/\/www.baquiana.com\/bookstore\/wp-json\/wp\/v2\/media\/667"}],"wp:attachment":[{"href":"https:\/\/www.baquiana.com\/bookstore\/wp-json\/wp\/v2\/media?parent=666"}],"wp:term":[{"taxonomy":"product_cat","embeddable":true,"href":"https:\/\/www.baquiana.com\/bookstore\/wp-json\/wp\/v2\/product_cat?post=666"},{"taxonomy":"product_tag","embeddable":true,"href":"https:\/\/www.baquiana.com\/bookstore\/wp-json\/wp\/v2\/product_tag?post=666"}],"curies":[{"name":"wp","href":"https:\/\/api.w.org\/{rel}","templated":true}]}}