{"id":668,"date":"2022-10-23T00:37:38","date_gmt":"2022-10-23T04:37:38","guid":{"rendered":"https:\/\/www.baquiana.com\/bookstore\/?post_type=product&#038;p=668"},"modified":"2024-01-21T22:15:50","modified_gmt":"2024-01-22T03:15:50","slug":"por-una-literatura-de-avanzada-y-otros-escritos","status":"publish","type":"product","link":"https:\/\/www.baquiana.com\/bookstore\/product\/por-una-literatura-de-avanzada-y-otros-escritos\/","title":{"rendered":"POR UNA LITERATURA DE AVANZADA Y OTROS ESCRITOS"},"content":{"rendered":"<p style=\"text-align: center;\"><b>PR\u00d3LOGO<\/b><\/p>\n<p style=\"text-align: justify;\"><b><i>Por una literatura de avanzada y otros escritos<\/i><\/b><span style=\"font-weight: 400;\">, del escritor espa\u00f1ol, acad\u00e9mico de n\u00famero y director honorario de la Academia Norteamericana de la Lengua Espa\u00f1ola (ANLE) <\/span><b>Gerardo Pi\u00f1a-Rosales<\/b><span style=\"font-weight: 400;\">, es un libro en cuyas p\u00e1ginas se recoge una variada muestra de su obra escrita a lo largo de las \u00faltimas tres d\u00e9cadas. En el mismo aparecen reunidos art\u00edculos de cr\u00edtica literaria y de arte, as\u00ed como rese\u00f1as de libros y excelentes fotos de su autor\u00eda. Tambi\u00e9n se incluyen contestaciones a discursos de investidura de varios miembros numerarios de la ANLE, pr\u00f3logos de libros y art\u00edculos period\u00edsticos. Algunos han sido publicados en revistas especializadas. Otros son in\u00e9ditos.<\/span><\/p>\n<p style=\"text-align: justify;\"><span style=\"font-weight: 400;\">Entre los art\u00edculos dedicados a la cr\u00edtica literaria se destacan: \u201cEl cuento: Anatom\u00eda de un g\u00e9nero literario\u201d, por su an\u00e1lisis impecable del tema; \u201cEl teatro de Fernando Arrabal: de la grotescomaquia al p\u00e1nico\u201d, por la novedosa relaci\u00f3n entre su teatro y el movimiento underground norteamericano; \u201cNos dejaron las palabras\u201d, por lo acertado de un texto que eval\u00faa el legado del idioma espa\u00f1ol y su acervo cultural por encima de las cr\u00edticas a celebraciones y festejos relacionados con efem\u00e9rides hist\u00f3ricas; \u201cLa revista infantil La Edad de Oro, de Jos\u00e9 Mart\u00ed, o c\u00f3mo ense\u00f1ar deleitando\u201d y \u201cLa poes\u00eda existencial y visionaria de Jos\u00e9 Corrales\u201d, por el acercamiento al mundo de la poes\u00eda de dos grandes escritores cubanos; \u201cEl Quijote en la literatura norteamericana: Melville, Nabokov, Acker\u201d, por la curiosa manera de estos tres autores al descifrar personajes cervantinos; \u201cEl pensamiento ecologista de Od\u00f3n Betanzos Palacios\u201d, por la vinculaci\u00f3n de su poes\u00eda a la naturaleza; \u201cRelectura de Yo, El Supremo, de Augusto Roa Bastos\u201d, por la ex\u00e9gesis de esta novela del escritor paraguayo acerca de la figura del dictador latinoamericano.<\/span><\/p>\n<p style=\"text-align: justify;\"><span style=\"font-weight: 400;\">De los discursos de contestaci\u00f3n a los discursos de investidura de varios miembros de la ANLE se encuentran los de: Elio Alba Buffill, Milton M. Azevedo, Domnita Dumitrescu, Daniel R. Fern\u00e1ndez, Eduardo Gonz\u00e1lez Via\u00f1a, Mariela A. Guti\u00e9rrez, Nuria Morgado, Carlos E. Paldao, Janet P\u00e9rez y No\u00ebl Valis. Algunos aparecen en los libros de la colecci\u00f3n Discursos (Nueva York: ANLE) y otros son totalmente in\u00e9ditos.<\/span><\/p>\n<p style=\"text-align: justify;\"><span style=\"font-weight: 400;\">El sentido del humor de Gerardo Pi\u00f1a-Rosales es parte de efectivas disgresiones en sus art\u00edculos period\u00edsticos, tales como: \u201cEl periodismo hispano en los Estados Unidos\u201d y \u201cDe los malos poetas, l\u00edbranos, Se\u00f1or\u201d, intentando llegar al meollo de ciertos temas, pero siempre con un gui\u00f1o c\u00f3mplice al lector.<\/span><\/p>\n<p style=\"text-align: justify;\"><span style=\"font-weight: 400;\">No hay asunto que no aborde el autor de este libro, desde la pintura de Frida Kahlo al cine de Luis Bu\u00f1uel, pasando por la escultura de V\u00edctor Quintanilla Raig\u00f3n, la amistad, la cibern\u00e9tica, tres revistas literarias hispanounidenses y sus \u201cReflexiones sobre la fotograf\u00eda\u201d.<\/span><\/p>\n<p style=\"text-align: justify;\"><span style=\"font-weight: 400;\">La variedad de temas y la riqueza de pensamiento del libro nos acompa\u00f1a en una lectura entretenida y sabia que nos lleva a recorrer ese universo caracter\u00edstico del autor. Nacido en La L\u00ednea de la Concepci\u00f3n (C\u00e1diz), al sur de Andaluc\u00eda y muy cerca del Estrecho de Gibraltar, cruce de civilizaciones e historias, fue algo que lo marc\u00f3 de por vida. A los 10 ocho a\u00f1os emigr\u00f3 con su familia a Marruecos, donde pas\u00f3 el resto de su ni\u00f1ez, adolescencia y juventud, compartiendo con jud\u00edos, \u00e1rabes y cristianos. En un ambiente de sana convivencia. En su etapa de formaci\u00f3n universitaria, Pi\u00f1a-Rosales regres\u00f3 a Espa\u00f1a para estudiar. A\u00f1os despu\u00e9s, conoci\u00f3 a su futura esposa, una jud\u00eda norteamericana llamada Laurie, y por amor a ella se fue en un barco hasta Nueva York. El destino lo llev\u00f3 a una ciudad hecha a su medida, donde se dan cita todas las nacionalidades y se hablan todos los idiomas. All\u00ed termin\u00f3 sus estudios de doctorado y se aferr\u00f3 a su lengua materna, al espa\u00f1ol y a sus literaturas. He aqu\u00ed el resultado.<\/span><\/p>\n<p style=\"text-align: justify;\"><span style=\"font-weight: 400;\">Los invito a la lectura de este magn\u00edfico libro que los har\u00e1 pensar, descubrir y conocer nuevos aspectos de nuestra cultura.<\/span><\/p>\n<div><\/div>\n<div style=\"text-align: center;\"><strong>Maricel Mayor Mars\u00e1n<\/strong><\/div>\n<div style=\"text-align: center;\"><strong>Acad\u00e9mica de N\u00famero <\/strong><\/div>\n<div style=\"text-align: center;\"><strong>Academia Norteamericana de la Lengua Espa\u00f1ola (ANLE)\u00a0<\/strong><\/div>\n<div><\/div>\n<div style=\"text-align: center;\"><\/div>\n","protected":false},"excerpt":{"rendered":"<p>PR\u00d3LOGO Por una literatura de avanzada y otros escritos, del escritor espa\u00f1ol, acad\u00e9mico de n\u00famero y director honorario de la Academia Norteamericana de la Lengua Espa\u00f1ola (ANLE) Gerardo Pi\u00f1a-Rosales, es un libro en cuyas p\u00e1ginas se recoge una variada muestra de su obra escrita a lo largo de las \u00faltimas tres d\u00e9cadas. En el mismo [&hellip;]<\/p>\n","protected":false},"featured_media":669,"comment_status":"closed","ping_status":"closed","template":"","meta":[],"product_cat":[33],"product_tag":[],"class_list":{"0":"post-668","1":"product","2":"type-product","3":"status-publish","4":"has-post-thumbnail","6":"book_author-gerardo-pina-rosales","7":"product_cat-senderos-de-la-narrativa","8":"entry"},"_links":{"self":[{"href":"https:\/\/www.baquiana.com\/bookstore\/wp-json\/wp\/v2\/product\/668"}],"collection":[{"href":"https:\/\/www.baquiana.com\/bookstore\/wp-json\/wp\/v2\/product"}],"about":[{"href":"https:\/\/www.baquiana.com\/bookstore\/wp-json\/wp\/v2\/types\/product"}],"replies":[{"embeddable":true,"href":"https:\/\/www.baquiana.com\/bookstore\/wp-json\/wp\/v2\/comments?post=668"}],"wp:featuredmedia":[{"embeddable":true,"href":"https:\/\/www.baquiana.com\/bookstore\/wp-json\/wp\/v2\/media\/669"}],"wp:attachment":[{"href":"https:\/\/www.baquiana.com\/bookstore\/wp-json\/wp\/v2\/media?parent=668"}],"wp:term":[{"taxonomy":"product_cat","embeddable":true,"href":"https:\/\/www.baquiana.com\/bookstore\/wp-json\/wp\/v2\/product_cat?post=668"},{"taxonomy":"product_tag","embeddable":true,"href":"https:\/\/www.baquiana.com\/bookstore\/wp-json\/wp\/v2\/product_tag?post=668"}],"curies":[{"name":"wp","href":"https:\/\/api.w.org\/{rel}","templated":true}]}}