{"id":695,"date":"2024-01-21T21:22:19","date_gmt":"2024-01-22T02:22:19","guid":{"rendered":"https:\/\/www.baquiana.com\/bookstore\/?post_type=product&#038;p=695"},"modified":"2024-01-21T22:09:06","modified_gmt":"2024-01-22T03:09:06","slug":"sentido-y-arte-de-la-peregrinacion-textual","status":"publish","type":"product","link":"https:\/\/www.baquiana.com\/bookstore\/product\/sentido-y-arte-de-la-peregrinacion-textual\/","title":{"rendered":"SENTIDO Y ARTE DE LA PEREGRINACI\u00d3N TEXTUAL"},"content":{"rendered":"<p style=\"text-align: justify;\">Para que el ser viviente pueda comprobar el sentido id\u00f3neo de una experiencia se requiere de un proceso completo que se observa desde la etapa inicial hasta la fase final sin las distracciones o interrupciones que ocasionen una disoluci\u00f3n, con lo cual se anular\u00eda la acci\u00f3n del verbo. Es decir, se obstruir\u00eda la actividad que el verbo de experimentar conlleva en su caracter\u00edstica vitalicia. La obra de arte y el texto escrito necesitan de la experiencia en su modalidad de plenitud desde el origen que inspira la obra de arte o el texto creativo hasta su culminaci\u00f3n, con la entera satisfacci\u00f3n y recompensa tangible \u2014y\/o intangible\u2014 que el resultado produzca a nivel individual y colectivo.<\/p>\n<p style=\"text-align: justify;\">For the living being to verify the ideal sense of an experience, a complete process is required that is observed from the initial stage to the final phase without the distractions or interruptions that cause a dissolution, which would cancel the action of the verb. That is, the activity that the verb to experiment entails in its lifelong characteristic would be obstructed. The work of art and the written text need experience in its form of fullness from the origin that inspires the work of art or the creative text to its culmination, with the entire tangible \u2014and\/or intangible\u2014 satisfaction and reward that the outcome produces individually and collectively.<\/p>\n<p>Publicaci\u00f3n Biling\u00fce | Bilingual Publication<\/p>\n","protected":false},"excerpt":{"rendered":"<p>Para que el ser viviente pueda comprobar el sentido id\u00f3neo de una experiencia se requiere de un proceso completo que se observa desde la etapa inicial hasta la fase final sin las distracciones o interrupciones que ocasionen una disoluci\u00f3n, con lo cual se anular\u00eda la acci\u00f3n del verbo. Es decir, se obstruir\u00eda la actividad que [&hellip;]<\/p>\n","protected":false},"featured_media":698,"comment_status":"closed","ping_status":"closed","template":"","meta":[],"product_cat":[33],"product_tag":[],"class_list":{"0":"post-695","1":"product","2":"type-product","3":"status-publish","4":"has-post-thumbnail","6":"book_author-martha-garcia","7":"product_cat-senderos-de-la-narrativa","8":"entry"},"_links":{"self":[{"href":"https:\/\/www.baquiana.com\/bookstore\/wp-json\/wp\/v2\/product\/695"}],"collection":[{"href":"https:\/\/www.baquiana.com\/bookstore\/wp-json\/wp\/v2\/product"}],"about":[{"href":"https:\/\/www.baquiana.com\/bookstore\/wp-json\/wp\/v2\/types\/product"}],"replies":[{"embeddable":true,"href":"https:\/\/www.baquiana.com\/bookstore\/wp-json\/wp\/v2\/comments?post=695"}],"wp:featuredmedia":[{"embeddable":true,"href":"https:\/\/www.baquiana.com\/bookstore\/wp-json\/wp\/v2\/media\/698"}],"wp:attachment":[{"href":"https:\/\/www.baquiana.com\/bookstore\/wp-json\/wp\/v2\/media?parent=695"}],"wp:term":[{"taxonomy":"product_cat","embeddable":true,"href":"https:\/\/www.baquiana.com\/bookstore\/wp-json\/wp\/v2\/product_cat?post=695"},{"taxonomy":"product_tag","embeddable":true,"href":"https:\/\/www.baquiana.com\/bookstore\/wp-json\/wp\/v2\/product_tag?post=695"}],"curies":[{"name":"wp","href":"https:\/\/api.w.org\/{rel}","templated":true}]}}