{"id":711,"date":"2024-11-05T20:40:40","date_gmt":"2024-11-06T01:40:40","guid":{"rendered":"https:\/\/www.baquiana.com\/bookstore\/?post_type=product&#038;p=711"},"modified":"2024-11-26T15:28:27","modified_gmt":"2024-11-26T20:28:27","slug":"revista-literaria-baquiana-anuario-xxiv-2023","status":"publish","type":"product","link":"https:\/\/www.baquiana.com\/bookstore\/product\/revista-literaria-baquiana-anuario-xxiv-2023\/","title":{"rendered":"REVISTA LITERARIA BAQUIANA &#8211; ANUARIO XXIV (2023)"},"content":{"rendered":"<h1>\u00cdndice<\/h1>\n<h3>Poes\u00eda<\/h3>\n<p><strong>\u00a7 Joaqu\u00edn Badajoz<b><span lang=\"IT\">\u00a0\/ 19<\/span><\/b><br \/>\n\u00a7 L\u00e1zara Nancy D\u00edaz Garc\u00eda \/ 20<br \/>\n\u00a7 Gustavo Gac-Artigas \/ 21<br \/>\n\u00a7 Roberto Garc\u00e9s Marrero \/ 22<br \/>\n\u00a7 Gloria Leal \/ 23<br \/>\n\u00a7 Sebasti\u00e1n N\u00fa\u00f1ez Torres \/ 24<br \/>\n\u00a7 Fernando Oper\u00e9 \/ 25<br \/>\n\u00a7 Erick Ramos \/ 26<br \/>\n\u00a7 Gustavo Reyes Escalona \/ 27<br \/>\n\u00a7 Mar\u00eda Roberolt Lenke \/ 28<br \/>\n\u00a7 Olga Ruiz Trinidad \/ 29<br \/>\n\u00a7 Emilio Sierra Garc\u00eda \/ 30<br \/>\n<\/strong><\/p>\n<p>&nbsp;<\/p>\n<h3>Rese\u00f1a<\/h3>\n<p><strong>\u00a7 SOBRE <em>NIETZCHE EN ESPA\u00d1A<\/em>, DE GONZALO SOBEJANO<\/strong><br \/>\npor Guillermo Arango \/ <strong>33<\/strong><\/p>\n<p><strong>\u00a7 <em>MORIR EN ISLA VISTA<\/em>, DE V\u00cdCTOR FUENTES<\/strong><br \/>\npor Jos\u00e9 Ardillo \/ <b>43<\/b><\/p>\n<p><strong>\u00a7 <b><em>EL CAMINO DEL SER<\/em>, DE GERMAIN DROOGENBROODT<\/b><\/strong><br \/>\npor Rafael Carcel\u00e9n Garc\u00eda \/ <b>49<\/b><\/p>\n<p><strong>\u00a7 <b><i><em>POR UNA LITERATURA DE AVANZADA Y OTROS ESCRITOS,<\/em><\/i> DE GERARDO PI\u00d1A ROSALES<\/b><\/strong><br \/>\npor Waldo Gonz\u00e1lez L\u00f3pez \/ <strong>53<\/strong><\/p>\n<p><strong>\u00a7 LA PROSA PO\u00c9TICA DE YLONKA NACIDIT PERDOMO EN SU LIBRO <em>AIRE<\/em><\/strong><br \/>\npor Myra M. Medina \/ <b>61<\/b><\/p>\n<p><strong>\u00a7 <\/strong><strong><em>\u00bfHAY CARTA EN TU BUZ\u00d3N?<\/em>, DE DULCE M. RAMOS Y ARTURO MORELL<\/strong><br \/>\npor Patricio E. Palacios \/ <b>65<\/b><\/p>\n<p>&nbsp;<\/p>\n<h3>Cuento<\/h3>\n<p><strong>\u00a7 EN CIENFUEGOS SE VEND\u00cdA EL MUNDO<\/strong><br \/>\npor Guillermo Arango \/ <b>71<\/b><\/p>\n<p><strong>\u00a7 JEZABEL<\/strong><br \/>\npor Patricia R. Baz\u00e1n \/ <b>73<\/b><\/p>\n<p><strong>\u00a7 EXTRA\u00d1A MARIPOSA<\/strong><br \/>\npor Juan Carlos Dido \/ <b>81<\/b><\/p>\n<p><strong>\u00a7 NO SEAS AS\u00cd<\/strong><br \/>\n<span lang=\"EN-US\">por Armando Figueroa Rojas <\/span>\/ <strong>89<\/strong><\/p>\n<p><strong>\u00a7 UN CAF\u00c9 FR\u00cdO, EN UNA MA\u00d1ANA FR\u00cdA<\/strong><br \/>\npor Antonio Raymondi C\u00e1rdenas \/ <strong>95<\/strong><\/p>\n<p><strong>\u00a7 VIDA FELINA<\/strong><br \/>\npor Alberto Roblest \/ <b>99<\/b><\/p>\n<p>&nbsp;<\/p>\n<h3>Ensayo<\/h3>\n<p><strong>\u00a7 SUE\u00d1OS DE CRISTAL: PERSPECTIVA DESPLAZADA Y TESTIMONIO ADOLESCENTE EN <em>NADA<\/em>, DE CARMEN LAFORET<\/strong><br \/>\npor Mar Inestrillas \/ <b>107<\/b><\/p>\n<p><strong>\u00a7 <b>LOS ESTATUTOS DE LIMPIEZA DE SANGRE EN EL ENTREM\u00c9S CERVANTINO \u00abEL RETABLO DE LAS MARAVILLAS\u00bb<\/b><\/strong><br \/>\npor Pilar Llada Cienfuegos \/ <b>131<\/b><\/p>\n<p>&nbsp;<\/p>\n<h3>Entrevista<\/h3>\n<p><strong>\u00a7 CONVERSANDO CON AIDA LEVITAN, PROMOTORA CULTURAL Y PROTECTORA DE LAS ARTES<\/strong><b><br \/>\n<\/b>por Maricel Mayor Mars\u00e1n \/ <b>143<\/b><\/p>\n<p><strong>\u00a7 ENTREVISTA CON FRANCISCO MORENO FERN\u00c1NDEZ, DIRECTOR DEL CORPUS DEL ESPA\u00d1OL EN LOS ESTADOS UNIDOS<\/strong><b><br \/>\n<\/b>por Maricel Mayor Mars\u00e1n \/\u00a0<strong>165<\/strong><\/p>\n<p><strong>\u00a7 ENTREVISTA CON EL ESCRITOR MEXICANO ALBERTO ROBLEST<\/strong><b><br \/>\n<\/b>por Maricel Mayor Mars\u00e1n \/\u00a0<strong>179<\/strong><\/p>\n<p>&nbsp;<\/p>\n<h3>Narrativa<\/h3>\n<p><strong>\u00a7 CONMUTACI\u00d3N PINTORESCA<\/strong><br \/>\npor Dionisio Biscarri <strong>\/\u00a0<b>193<\/b><br \/>\n<\/strong><br \/>\n<strong>\u00a7 LA CUEVA DEL COYOTE (FRAGMENTO DE NOVELA)<\/strong><br \/>\npor Jos\u00e9 A. Castro Urioste \/ <b>207<\/b><\/p>\n<p><strong>\u00a7 CRIS\u00c1LIDA BALBUCIENTE<\/strong><br \/>\npor Emilio Sierra Garc\u00eda <strong>\/ 211<\/strong><\/p>\n<p>&nbsp;<\/p>\n<h3>Opiniones<\/h3>\n<p><strong>\u00a7 LA VISI\u00d3N ALUCINANTE DE VICENTE ALEIXANDRE: <em>POEMAS DE LA CONSUMACI\u00d3N<\/em><\/strong><br \/>\npor Guillermo Arango \/ <b>219<\/b><\/p>\n<p><strong>\u00a7 UNA RELECTURA DE <em>EL TUNGSTENO<\/em><\/strong><br \/>\npor Guillermo Arango \/ <b>227<\/b><\/p>\n<p><strong>\u00a7 UNA ER\u00d3TICA MEDUSA EN <em>POEMAS<\/em> <em>MITOL\u00d3GICOS<\/em><\/strong><br \/>\npor Aim\u00e9e G. Bola\u00f1os \/ <b>223<\/b><\/p>\n<p>&nbsp;<\/p>\n<h3>Teatro<\/h3>\n<p><strong>\u00a7 DRAMATURGAS DEL SIGLO XIX<\/strong><br \/>\npor Pedro Monge Rafuls \/ <b>259<\/b><\/p>\n<p><strong>\u00a7 <\/strong><b><strong>UNA MIRADA AL TEMA HOMOSEXUAL EN EL TEATRO LATINOAMERICANO<\/strong><\/b><b><br \/>\n<\/b>por Pedro Monge Rafuls \/ <b>273<\/b><\/p>\n<p>&nbsp;<\/p>\n<hr \/>\n<p>&nbsp;<\/p>\n<p>&nbsp;<\/p>\n","protected":false},"excerpt":{"rendered":"<p>\u00cdndice Poes\u00eda \u00a7 Joaqu\u00edn Badajoz\u00a0\/ 19 \u00a7 L\u00e1zara Nancy D\u00edaz Garc\u00eda \/ 20 \u00a7 Gustavo Gac-Artigas \/ 21 \u00a7 Roberto Garc\u00e9s Marrero \/ 22 \u00a7 Gloria Leal \/ 23 \u00a7 Sebasti\u00e1n N\u00fa\u00f1ez Torres \/ 24 \u00a7 Fernando Oper\u00e9 \/ 25 \u00a7 Erick Ramos \/ 26 \u00a7 Gustavo Reyes Escalona \/ 27 \u00a7 Mar\u00eda Roberolt Lenke [&hellip;]<\/p>\n","protected":false},"featured_media":710,"comment_status":"closed","ping_status":"closed","template":"","meta":[],"product_cat":[10],"product_tag":[],"class_list":{"0":"post-711","1":"product","2":"type-product","3":"status-publish","4":"has-post-thumbnail","6":"book_author-anuarios-baquiana","7":"product_cat-anuarios-de-la-revista-literaria-baquiana-vp","8":"entry"},"_links":{"self":[{"href":"https:\/\/www.baquiana.com\/bookstore\/wp-json\/wp\/v2\/product\/711"}],"collection":[{"href":"https:\/\/www.baquiana.com\/bookstore\/wp-json\/wp\/v2\/product"}],"about":[{"href":"https:\/\/www.baquiana.com\/bookstore\/wp-json\/wp\/v2\/types\/product"}],"replies":[{"embeddable":true,"href":"https:\/\/www.baquiana.com\/bookstore\/wp-json\/wp\/v2\/comments?post=711"}],"wp:featuredmedia":[{"embeddable":true,"href":"https:\/\/www.baquiana.com\/bookstore\/wp-json\/wp\/v2\/media\/710"}],"wp:attachment":[{"href":"https:\/\/www.baquiana.com\/bookstore\/wp-json\/wp\/v2\/media?parent=711"}],"wp:term":[{"taxonomy":"product_cat","embeddable":true,"href":"https:\/\/www.baquiana.com\/bookstore\/wp-json\/wp\/v2\/product_cat?post=711"},{"taxonomy":"product_tag","embeddable":true,"href":"https:\/\/www.baquiana.com\/bookstore\/wp-json\/wp\/v2\/product_tag?post=711"}],"curies":[{"name":"wp","href":"https:\/\/api.w.org\/{rel}","templated":true}]}}